{"id":552,"date":"2024-10-15T11:46:20","date_gmt":"2024-10-15T09:46:20","guid":{"rendered":"https:\/\/supelaur.eus\/atxurikolanda\/"},"modified":"2024-12-09T14:00:38","modified_gmt":"2024-12-09T13:00:38","slug":"atxurikolanda","status":"publish","type":"page","link":"https:\/\/supelaur.eus\/es\/atxurikolanda\/","title":{"rendered":"ATXURIKOLANDA"},"content":{"rendered":"<p>[et_pb_section fb_built=\u00bb1&#8243; custom_padding_last_edited=\u00bbon|phone\u00bb _builder_version=\u00bb4.27.0&#8243; _module_preset=\u00bbdefault\u00bb custom_padding=\u00bb78px||7px|||\u00bb custom_padding_tablet=\u00bb78px||7px|||\u00bb custom_padding_phone=\u00bb58px||7px||false|false\u00bb locked=\u00bboff\u00bb global_colors_info=\u00bb{}\u00bb][et_pb_row _builder_version=\u00bb4.27.0&#8243; _module_preset=\u00bbdefault\u00bb max_width=\u00bb2250px\u00bb custom_padding=\u00bb17px||30px|||\u00bb global_colors_info=\u00bb{}\u00bb][et_pb_column type=\u00bb4_4&#8243; _builder_version=\u00bb4.27.0&#8243; _module_preset=\u00bbdefault\u00bb global_colors_info=\u00bb{}\u00bb][et_pb_heading title=\u00bbATXURIKOLANDA\u00bb _builder_version=\u00bb4.27.0&#8243; _module_preset=\u00bbdefault\u00bb custom_margin=\u00bb||15px|||\u00bb hover_enabled=\u00bb0&#8243; global_colors_info=\u00bb{}\u00bb sticky_enabled=\u00bb0&#8243;][\/et_pb_heading][et_pb_image src=\u00bbhttps:\/\/supelaur.eus\/wp-content\/uploads\/2024\/09\/KIRIKINAUSI-1.jpg\u00bb title_text=\u00bbKIRIKIN\u0303AUSI-1&#8243; _builder_version=\u00bb4.27.0&#8243; _module_preset=\u00bbdefault\u00bb width=\u00bb55%\u00bb width_tablet=\u00bb91%\u00bb width_phone=\u00bb100%\u00bb width_last_edited=\u00bbon|tablet\u00bb module_alignment=\u00bbcenter\u00bb custom_padding=\u00bb||24px||false|false\u00bb custom_padding_tablet=\u00bb||24px||false|false\u00bb custom_padding_phone=\u00bb||24px||false|false\u00bb custom_padding_last_edited=\u00bbon|desktop\u00bb module_alignment_tablet=\u00bbcenter\u00bb module_alignment_phone=\u00bbcenter\u00bb module_alignment_last_edited=\u00bbon|desktop\u00bb global_colors_info=\u00bb{}\u00bb][\/et_pb_image][et_pb_text _builder_version=\u00bb4.27.0&#8243; _module_preset=\u00bbdefault\u00bb text_font=\u00bbOpen Sans||||||||\u00bb text_font_size=\u00bb17px\u00bb header_6_font=\u00bbOpen Sans||||||||\u00bb header_6_line_height=\u00bb1.5em\u00bb width=\u00bb100%\u00bb custom_margin=\u00bb||13px|||\u00bb custom_padding=\u00bb||32px||false|false\u00bb custom_padding_tablet=\u00bb||32px||false|false\u00bb custom_padding_phone=\u00bb||32px||false|false\u00bb custom_padding_last_edited=\u00bbon|desktop\u00bb hover_enabled=\u00bb0&#8243; text_font_size_tablet=\u00bb17px\u00bb text_font_size_phone=\u00bb17px\u00bb text_font_size_last_edited=\u00bbon|phone\u00bb global_colors_info=\u00bb{}\u00bb sticky_enabled=\u00bb0&#8243;]<\/p>\n<p>Ericera de Atxurikolanda, en el cat\u00e1logo de Enrike Ibabe la n\u00ba 33. Ericera de gran tama\u00f1o, rota por la ampliaci\u00f3n de la pista forestal; como todas, de construcci\u00f3n de paredes de mamposter\u00eda en seco; lo llamativo de ella es la entrada, una \u00fanica piedra enorme, de 155 cms de altura partida longitudinalmente y puesta de pie, y en donde se ven claramente las muescas para su rotura.<\/p>\n<p>[\/et_pb_text][et_pb_audio audio=\u00bbhttps:\/\/supelaur.eus\/wp-content\/uploads\/2024\/10\/8-ATXURIKOLANDA-ES.mp3&#8243; _builder_version=\u00bb4.27.0&#8243; _module_preset=\u00bbdefault\u00bb title_level=\u00bbh5&#8243; title_text_align=\u00bbleft\u00bb title_text_color=\u00bbrgba(0,0,0,0.6)\u00bb background_color=\u00bb#7c7c7c\u00bb custom_margin=\u00bb33px||84px|||\u00bb custom_padding=\u00bb18px||21px|19px||\u00bb hover_enabled=\u00bb0&#8243; locked=\u00bboff\u00bb global_colors_info=\u00bb{}\u00bb sticky_enabled=\u00bb0&#8243; title_text=\u00bb8 ATXURIKOLANDA ES\u00bb][\/et_pb_audio][\/et_pb_column][\/et_pb_row][\/et_pb_section]<\/p>\n","protected":false},"excerpt":{"rendered":"<p>Ericera de Atxurikolanda, en el cat\u00e1logo de Enrike Ibabe la n\u00ba 33. Ericera de gran tama\u00f1o, rota por la ampliaci\u00f3n de la pista forestal; como todas, de construcci\u00f3n de paredes de mamposter\u00eda en seco; lo llamativo de ella es la entrada, una \u00fanica piedra enorme, de 155 cms de altura partida longitudinalmente y puesta de [&hellip;]<\/p>\n","protected":false},"author":1,"featured_media":0,"parent":0,"menu_order":0,"comment_status":"closed","ping_status":"closed","template":"","meta":{"_et_pb_use_builder":"on","_et_pb_old_content":"","_et_gb_content_width":"","footnotes":""},"class_list":["post-552","page","type-page","status-publish","hentry"],"_links":{"self":[{"href":"https:\/\/supelaur.eus\/es\/wp-json\/wp\/v2\/pages\/552","targetHints":{"allow":["GET"]}}],"collection":[{"href":"https:\/\/supelaur.eus\/es\/wp-json\/wp\/v2\/pages"}],"about":[{"href":"https:\/\/supelaur.eus\/es\/wp-json\/wp\/v2\/types\/page"}],"author":[{"embeddable":true,"href":"https:\/\/supelaur.eus\/es\/wp-json\/wp\/v2\/users\/1"}],"replies":[{"embeddable":true,"href":"https:\/\/supelaur.eus\/es\/wp-json\/wp\/v2\/comments?post=552"}],"version-history":[{"count":3,"href":"https:\/\/supelaur.eus\/es\/wp-json\/wp\/v2\/pages\/552\/revisions"}],"predecessor-version":[{"id":779,"href":"https:\/\/supelaur.eus\/es\/wp-json\/wp\/v2\/pages\/552\/revisions\/779"}],"wp:attachment":[{"href":"https:\/\/supelaur.eus\/es\/wp-json\/wp\/v2\/media?parent=552"}],"curies":[{"name":"wp","href":"https:\/\/api.w.org\/{rel}","templated":true}]}}