{"id":536,"date":"2024-09-30T14:38:50","date_gmt":"2024-09-30T12:38:50","guid":{"rendered":"https:\/\/supelaur.eus\/kirikinausi\/"},"modified":"2024-10-25T16:07:16","modified_gmt":"2024-10-25T14:07:16","slug":"kirikinausi","status":"publish","type":"page","link":"https:\/\/supelaur.eus\/es\/kirikinausi\/","title":{"rendered":"KIRIKI\u00d1AUSI"},"content":{"rendered":"<p>[et_pb_section fb_built=\u00bb1&#8243; custom_padding_last_edited=\u00bbon|phone\u00bb _builder_version=\u00bb4.27.0&#8243; _module_preset=\u00bbdefault\u00bb custom_padding=\u00bb87px||7px|||\u00bb custom_padding_tablet=\u00bb87px||7px|||\u00bb custom_padding_phone=\u00bb46px||7px||false|false\u00bb locked=\u00bboff\u00bb global_colors_info=\u00bb{}\u00bb][et_pb_row _builder_version=\u00bb4.27.0&#8243; _module_preset=\u00bbdefault\u00bb max_width=\u00bb2250px\u00bb custom_padding=\u00bb17px||22px|||\u00bb global_colors_info=\u00bb{}\u00bb][et_pb_column type=\u00bb4_4&#8243; _builder_version=\u00bb4.27.0&#8243; _module_preset=\u00bbdefault\u00bb global_colors_info=\u00bb{}\u00bb][et_pb_heading title=\u00bbRUTA DE LOS KIRIKI\u00d1AUSI\u00bb _builder_version=\u00bb4.27.0&#8243; _module_preset=\u00bbdefault\u00bb custom_margin=\u00bb||37px|||\u00bb global_colors_info=\u00bb{}\u00bb][\/et_pb_heading][et_pb_slider dot_nav_custom_color=\u00bbRGBA(255,255,255,0)\u00bb _builder_version=\u00bb4.27.0&#8243; _module_preset=\u00bbdefault\u00bb custom_padding=\u00bb||334px|||\u00bb auto=\u00bbon\u00bb auto_speed=\u00bb2000&#8243; auto_ignore_hover=\u00bbon\u00bb global_colors_info=\u00bb{}\u00bb][et_pb_slide _builder_version=\u00bb4.27.0&#8243; _module_preset=\u00bbdefault\u00bb background_enable_color=\u00bboff\u00bb background_image=\u00bbhttps:\/\/supelaur.eus\/wp-content\/uploads\/2024\/09\/KIRIKINAUSI-1.jpg\u00bb background_enable_image=\u00bbon\u00bb global_colors_info=\u00bb{}\u00bb sticky_transition=\u00bbon\u00bb][\/et_pb_slide][et_pb_slide _builder_version=\u00bb4.27.0&#8243; _module_preset=\u00bbdefault\u00bb background_enable_color=\u00bboff\u00bb background_image=\u00bbhttps:\/\/supelaur.eus\/wp-content\/uploads\/2024\/10\/ibilbidea.jpg\u00bb background_enable_image=\u00bbon\u00bb global_colors_info=\u00bb{}\u00bb sticky_transition=\u00bbon\u00bb][\/et_pb_slide][et_pb_slide _builder_version=\u00bb4.27.0&#8243; _module_preset=\u00bbdefault\u00bb background_enable_color=\u00bboff\u00bb background_image=\u00bbhttps:\/\/supelaur.eus\/wp-content\/uploads\/2024\/10\/2002.50.jpg\u00bb background_enable_image=\u00bbon\u00bb global_colors_info=\u00bb{}\u00bb sticky_transition=\u00bbon\u00bb][\/et_pb_slide][et_pb_slide _builder_version=\u00bb4.27.0&#8243; _module_preset=\u00bbdefault\u00bb background_enable_color=\u00bboff\u00bb background_image=\u00bbhttps:\/\/supelaur.eus\/wp-content\/uploads\/2024\/10\/castanas.jpg\u00bb background_enable_image=\u00bbon\u00bb global_colors_info=\u00bb{}\u00bb sticky_transition=\u00bbon\u00bb][\/et_pb_slide][\/et_pb_slider][\/et_pb_column][\/et_pb_row][et_pb_row column_structure=\u00bb2_5,3_5&#8243; _builder_version=\u00bb4.27.0&#8243; _module_preset=\u00bbdefault\u00bb max_width=\u00bb2250px\u00bb custom_padding=\u00bb17px||22px|||\u00bb locked=\u00bboff\u00bb global_colors_info=\u00bb{}\u00bb][et_pb_column type=\u00bb2_5&#8243; _builder_version=\u00bb4.27.0&#8243; _module_preset=\u00bbdefault\u00bb global_colors_info=\u00bb{}\u00bb][et_pb_image src=\u00bbhttps:\/\/supelaur.eus\/wp-content\/uploads\/2024\/10\/KIRIKINAUSIAK-PANELA-WEBGUNERAKO.jpg\u00bb title_text=\u00bbKIRIKINAUSIAK PANELA\u00bb _builder_version=\u00bb4.27.0&#8243; _module_preset=\u00bbdefault\u00bb custom_margin=\u00bb||13px|||\u00bb global_colors_info=\u00bb{}\u00bb][\/et_pb_image][\/et_pb_column][et_pb_column type=\u00bb3_5&#8243; _builder_version=\u00bb4.27.0&#8243; _module_preset=\u00bbdefault\u00bb global_colors_info=\u00bb{}\u00bb][et_pb_accordion toggle_icon=\u00bb&#x22;||divi||400&#8243; icon_color=\u00bb#636363&#8243; _builder_version=\u00bb4.27.0&#8243; _module_preset=\u00bbdefault\u00bb global_colors_info=\u00bb{}\u00bb][et_pb_accordion_item title=\u00bbERICERAS\u00bb open=\u00bboff\u00bb _builder_version=\u00bb4.27.0&#8243; _module_preset=\u00bbdefault\u00bb global_colors_info=\u00bb{}\u00bb]<\/p>\n<p style=\"font-weight: 400;\">Los Kirikino-hesi (\u201cKiriki\u00f1ausi\u201d en dicci\u00f3n actual) son unas estructuras, normalmente circulares, donde se almacenaban las casta\u00f1as en los montes. As\u00ed se evitaba que los animales comiesen y desperdigasen el fruto cosechado. En origen fueron de \u201cseto\u201d, -ramaje entrelazado- y s\u00f3lo sabemos de ellos por la documentaci\u00f3n, ya que desaparecieron sin dejar rastro. Con el paso del tiempo y el aumento del negocio de la casta\u00f1a se construyeron de piedra.<\/p>\n<p>[\/et_pb_accordion_item][et_pb_accordion_item title=\u00bbEL RECORRIDO\u00bb _builder_version=\u00bb4.27.0&#8243; _module_preset=\u00bbdefault\u00bb global_colors_info=\u00bb{}\u00bb open=\u00bbon\u00bb]<\/p>\n<p style=\"font-weight: 400;\">La abundancia de aguas en Usabel fue aprovechada por una antigua ferrer\u00eda, cuyo canal seguiremos. M\u00e1s adelante, nos sorprenden las ruinas de la central el\u00e9ctrica que nunca lleg\u00f3 a funcionar. Luego nos encontramos con el gran horno de una bella tejera (XVIII) en el id\u00edlico paraje de Arearrieta. Continuando junto al r\u00edo pronto nos toparemos con las primeras ericeras, para apilar las casta\u00f1as con sus erizos -corteza espinosa del fruto-, para que se sazonasen durante semanas. Las casta\u00f1as fueron una gran fuente de riqueza ya que, adem\u00e1s de para el consumo local, se recolectaban para exportarlas a Europa v\u00eda mar\u00edtima. En esos mismos parajes de Atxurikoerreka, seg\u00fan creencia popular, las lamias -personajes mitol\u00f3gicos- que all\u00ed habitaban, hac\u00edan la colada de sus hermosas s\u00e1banas de lino. Las ruinas del antiguo molino que ser\u00eda a la vecindad de Urigoiti a\u00f1aden m\u00e1s encanto si cabe al lugar. Caminando por su cauce excavado en la roca pronto llegamos al lugar m\u00e1s rico en casta\u00f1os que, como gigantes retorcidos en la niebla, dominan el paisaje. Las ericeras se tornan cada vez m\u00e1s numerosas y grandes, tanto que en ning\u00fan otro lugar la encontraremos de esas dimensiones.<\/p>\n<p style=\"font-weight: 400;\">[\/et_pb_accordion_item][\/et_pb_accordion][et_pb_button button_url=\u00bbhttps:\/\/drive.usercontent.google.com\/download?id=1EeyfHEY_TvuQp3-QDZzO_DmsMcvFxpbn&#038;export=download&#038;authuser=2&#038;confirm=t&#038;uuid=fa774b80-8340-47a7-8958-e2ebfdb46453&#038;at=AN_67v0yV3c6N57K_r7O3QjT1Dfi:1729593048951&#8243; button_text=\u00bbDESCARGAR RUTA (GPX)\u00bb button_alignment_tablet=\u00bbcenter\u00bb button_alignment_phone=\u00bbcenter\u00bb button_alignment_last_edited=\u00bbon|tablet\u00bb _builder_version=\u00bb4.27.0&#8243; _module_preset=\u00bbdefault\u00bb custom_button=\u00bbon\u00bb button_text_size=\u00bb16px\u00bb button_text_color=\u00bb#FFFFFF\u00bb button_bg_color=\u00bb#f7941e\u00bb button_border_width=\u00bb1px\u00bb button_border_radius=\u00bb0px\u00bb button_icon=\u00bb&#x22;||divi||400&#8243; global_colors_info=\u00bb{}\u00bb][\/et_pb_button][\/et_pb_column][\/et_pb_row][et_pb_row _builder_version=\u00bb4.27.0&#8243; _module_preset=\u00bbdefault\u00bb max_width=\u00bb2250px\u00bb custom_padding=\u00bb35px||20px|||\u00bb locked=\u00bboff\u00bb global_colors_info=\u00bb{}\u00bb][et_pb_column type=\u00bb4_4&#8243; _builder_version=\u00bb4.27.0&#8243; _module_preset=\u00bbdefault\u00bb global_colors_info=\u00bb{}\u00bb][et_pb_heading title=\u00bbAUDIOS\u00bb _builder_version=\u00bb4.27.0&#8243; _module_preset=\u00bbdefault\u00bb title_level=\u00bbh3&#8243; title_text_align=\u00bbcenter\u00bb global_colors_info=\u00bb{}\u00bb][\/et_pb_heading][\/et_pb_column][\/et_pb_row][et_pb_row column_structure=\u00bb1_3,1_3,1_3&#8243; custom_padding_last_edited=\u00bbon|phone\u00bb _builder_version=\u00bb4.27.0&#8243; _module_preset=\u00bbdefault\u00bb max_width=\u00bb2250px\u00bb custom_padding=\u00bb17px||140px|||\u00bb custom_padding_tablet=\u00bb17px||140px|||\u00bb custom_padding_phone=\u00bb17px||60px||false|false\u00bb locked=\u00bboff\u00bb global_colors_info=\u00bb{}\u00bb][et_pb_column type=\u00bb1_3&#8243; _builder_version=\u00bb4.27.0&#8243; _module_preset=\u00bbdefault\u00bb global_colors_info=\u00bb{}\u00bb][et_pb_audio audio=\u00bbhttps:\/\/supelaur.eus\/wp-content\/uploads\/2024\/10\/1-USABEL-ES.mp3&#8243; title=\u00bb1\/ USABEL\u00bb _builder_version=\u00bb4.27.0&#8243; _module_preset=\u00bbdefault\u00bb title_level=\u00bbh5&#8243; title_text_align=\u00bbleft\u00bb title_text_color=\u00bbrgba(0,0,0,0.6)\u00bb background_color=\u00bbrgba(0,0,0,0.13)\u00bb custom_margin=\u00bb||8px|||\u00bb custom_padding=\u00bb18px||21px|19px||\u00bb global_colors_info=\u00bb{}\u00bb][\/et_pb_audio][et_pb_audio audio=\u00bbhttps:\/\/supelaur.eus\/wp-content\/uploads\/2024\/10\/2-CENTRAL-ELECTRICA-ES.mp3&#8243; title=\u00bb2\/ CENTRAL EL\u00c9CTRICA\u00bb _builder_version=\u00bb4.27.0&#8243; _module_preset=\u00bbdefault\u00bb title_level=\u00bbh5&#8243; title_text_align=\u00bbleft\u00bb title_text_color=\u00bbrgba(0,0,0,0.6)\u00bb background_color=\u00bbrgba(0,0,0,0.13)\u00bb custom_margin=\u00bb||8px|||\u00bb custom_padding=\u00bb18px||21px|19px||\u00bb global_colors_info=\u00bb{}\u00bb][\/et_pb_audio][et_pb_audio audio=\u00bbhttps:\/\/supelaur.eus\/wp-content\/uploads\/2024\/10\/3-ALARRITA-ES.mp3&#8243; title=\u00bb3\/ ALARRITA \u00bb _builder_version=\u00bb4.27.0&#8243; _module_preset=\u00bbdefault\u00bb title_level=\u00bbh5&#8243; title_text_align=\u00bbleft\u00bb title_text_color=\u00bbrgba(0,0,0,0.6)\u00bb background_color=\u00bbrgba(0,0,0,0.13)\u00bb custom_margin=\u00bb||8px|||\u00bb custom_padding=\u00bb18px||21px|19px||\u00bb global_colors_info=\u00bb{}\u00bb][\/et_pb_audio][et_pb_audio audio=\u00bbhttps:\/\/supelaur.eus\/wp-content\/uploads\/2024\/10\/4-TELLERIE-ES.mp3&#8243; title=\u00bb4\/ TELLERIE\u00bb _builder_version=\u00bb4.27.0&#8243; _module_preset=\u00bbdefault\u00bb title_level=\u00bbh5&#8243; title_text_align=\u00bbleft\u00bb title_text_color=\u00bbrgba(0,0,0,0.6)\u00bb background_color=\u00bbrgba(0,0,0,0.13)\u00bb custom_margin=\u00bb||8px|||\u00bb custom_padding=\u00bb18px||21px|19px||\u00bb global_colors_info=\u00bb{}\u00bb][\/et_pb_audio][et_pb_audio audio=\u00bbhttps:\/\/supelaur.eus\/wp-content\/uploads\/2024\/10\/5-KOTXINARRIAGA-ES.mp3&#8243; title=\u00bb5\/ KOTXINARRIAGA\u00bb _builder_version=\u00bb4.27.0&#8243; _module_preset=\u00bbdefault\u00bb title_level=\u00bbh5&#8243; title_text_align=\u00bbleft\u00bb title_text_color=\u00bbrgba(0,0,0,0.6)\u00bb background_color=\u00bbrgba(0,0,0,0.13)\u00bb custom_margin=\u00bb||8px|||\u00bb custom_padding=\u00bb18px||21px|19px||\u00bb global_colors_info=\u00bb{}\u00bb][\/et_pb_audio][\/et_pb_column][et_pb_column type=\u00bb1_3&#8243; _builder_version=\u00bb4.27.0&#8243; _module_preset=\u00bbdefault\u00bb global_colors_info=\u00bb{}\u00bb][et_pb_audio audio=\u00bbhttps:\/\/supelaur.eus\/wp-content\/uploads\/2024\/10\/6-PEKOROZTEGI-ES.mp3&#8243; title=\u00bb6\/ PEKOROZTEGI\u00bb _builder_version=\u00bb4.27.0&#8243; _module_preset=\u00bbdefault\u00bb title_level=\u00bbh5&#8243; title_text_align=\u00bbleft\u00bb title_text_color=\u00bbrgba(0,0,0,0.6)\u00bb background_color=\u00bbrgba(0,0,0,0.13)\u00bb custom_margin=\u00bb||8px|||\u00bb custom_margin_tablet=\u00bb-30px||||false|false\u00bb custom_margin_phone=\u00bb-29px||8px||false|false\u00bb custom_margin_last_edited=\u00bbon|tablet\u00bb custom_padding=\u00bb18px||21px|19px||\u00bb global_colors_info=\u00bb{}\u00bb][\/et_pb_audio][et_pb_audio audio=\u00bbhttps:\/\/supelaur.eus\/wp-content\/uploads\/2024\/10\/7-MOLINO-DE-ATXURI-ES.mp3&#8243; title=\u00bb7\/ MOLINO DE ATXURI\u00bb _builder_version=\u00bb4.27.0&#8243; _module_preset=\u00bbdefault\u00bb title_level=\u00bbh5&#8243; title_text_align=\u00bbleft\u00bb title_text_color=\u00bbrgba(0,0,0,0.6)\u00bb background_color=\u00bbrgba(0,0,0,0.13)\u00bb custom_margin=\u00bb||8px|||\u00bb custom_padding=\u00bb18px||21px|19px||\u00bb global_colors_info=\u00bb{}\u00bb][\/et_pb_audio][et_pb_audio audio=\u00bbhttps:\/\/supelaur.eus\/wp-content\/uploads\/2024\/10\/8-ATXURIKOLANDA-ES.mp3&#8243; title=\u00bb8\/ ATXURIKOLANDA\u00bb _builder_version=\u00bb4.27.0&#8243; _module_preset=\u00bbdefault\u00bb title_level=\u00bbh5&#8243; title_text_align=\u00bbleft\u00bb title_text_color=\u00bbrgba(0,0,0,0.6)\u00bb background_color=\u00bbrgba(0,0,0,0.13)\u00bb custom_margin=\u00bb||8px|||\u00bb custom_padding=\u00bb18px||21px|19px||\u00bb global_colors_info=\u00bb{}\u00bb][\/et_pb_audio][et_pb_audio audio=\u00bbhttps:\/\/supelaur.eus\/wp-content\/uploads\/2024\/10\/9-SAUKUDUI-LASTRABE-ES.mp3&#8243; title=\u00bb9\/ SAUKUDUI-LASTRABE\u00bb _builder_version=\u00bb4.27.0&#8243; _module_preset=\u00bbdefault\u00bb title_level=\u00bbh5&#8243; title_text_align=\u00bbleft\u00bb title_text_color=\u00bbrgba(0,0,0,0.6)\u00bb background_color=\u00bbrgba(0,0,0,0.13)\u00bb custom_margin=\u00bb||8px|||\u00bb custom_padding=\u00bb18px||21px|19px||\u00bb global_colors_info=\u00bb{}\u00bb][\/et_pb_audio][et_pb_audio audio=\u00bbhttps:\/\/supelaur.eus\/wp-content\/uploads\/2024\/10\/10-LASTRABE-ES.mp3&#8243; title=\u00bb10\/ LASTRABE\u00bb _builder_version=\u00bb4.27.0&#8243; _module_preset=\u00bbdefault\u00bb title_level=\u00bbh5&#8243; title_text_align=\u00bbleft\u00bb title_text_color=\u00bbrgba(0,0,0,0.6)\u00bb background_color=\u00bbrgba(0,0,0,0.13)\u00bb custom_margin=\u00bb||8px|||\u00bb custom_padding=\u00bb18px||21px|19px||\u00bb global_colors_info=\u00bb{}\u00bb][\/et_pb_audio][\/et_pb_column][et_pb_column type=\u00bb1_3&#8243; _builder_version=\u00bb4.27.0&#8243; _module_preset=\u00bbdefault\u00bb global_colors_info=\u00bb{}\u00bb][et_pb_audio audio=\u00bbhttps:\/\/supelaur.eus\/wp-content\/uploads\/2024\/10\/11-VISTA-PANORAMICA-ES.mp3&#8243; title=\u00bb11\/ VISTA PANOR\u00c1MICA\u00bb _builder_version=\u00bb4.27.0&#8243; _module_preset=\u00bbdefault\u00bb title_level=\u00bbh5&#8243; title_text_align=\u00bbleft\u00bb title_text_color=\u00bbrgba(0,0,0,0.6)\u00bb background_color=\u00bbrgba(0,0,0,0.13)\u00bb custom_margin=\u00bb||8px|||\u00bb custom_margin_tablet=\u00bb-30px||||false|false\u00bb custom_margin_phone=\u00bb-29px||8px||false|false\u00bb custom_margin_last_edited=\u00bbon|tablet\u00bb custom_padding=\u00bb18px||21px|19px||\u00bb global_colors_info=\u00bb{}\u00bb][\/et_pb_audio][et_pb_audio audio=\u00bbhttps:\/\/supelaur.eus\/wp-content\/uploads\/2024\/10\/12-IRUKUSIGIETA-ES.mp3&#8243; title=\u00bb12\/ IRUKUSIEGIETA\u00bb _builder_version=\u00bb4.27.0&#8243; _module_preset=\u00bbdefault\u00bb title_level=\u00bbh5&#8243; title_text_align=\u00bbleft\u00bb title_text_color=\u00bbrgba(0,0,0,0.6)\u00bb background_color=\u00bbrgba(0,0,0,0.13)\u00bb custom_margin=\u00bb||8px|||\u00bb custom_padding=\u00bb18px||21px|19px||\u00bb global_colors_info=\u00bb{}\u00bb][\/et_pb_audio][\/et_pb_column][\/et_pb_row][\/et_pb_section]<\/p>\n","protected":false},"excerpt":{"rendered":"<p>Los Kirikino-hesi (\u201cKiriki\u00f1ausi\u201d en dicci\u00f3n actual) son unas estructuras, normalmente circulares, donde se almacenaban las casta\u00f1as en los montes. As\u00ed se evitaba que los animales comiesen y desperdigasen el fruto cosechado. En origen fueron de \u201cseto\u201d, -ramaje entrelazado- y s\u00f3lo sabemos de ellos por la documentaci\u00f3n, ya que desaparecieron sin dejar rastro. Con el paso [&hellip;]<\/p>\n","protected":false},"author":1,"featured_media":0,"parent":0,"menu_order":0,"comment_status":"closed","ping_status":"closed","template":"","meta":{"_et_pb_use_builder":"on","_et_pb_old_content":"","_et_gb_content_width":"","footnotes":""},"class_list":["post-536","page","type-page","status-publish","hentry"],"_links":{"self":[{"href":"https:\/\/supelaur.eus\/es\/wp-json\/wp\/v2\/pages\/536","targetHints":{"allow":["GET"]}}],"collection":[{"href":"https:\/\/supelaur.eus\/es\/wp-json\/wp\/v2\/pages"}],"about":[{"href":"https:\/\/supelaur.eus\/es\/wp-json\/wp\/v2\/types\/page"}],"author":[{"embeddable":true,"href":"https:\/\/supelaur.eus\/es\/wp-json\/wp\/v2\/users\/1"}],"replies":[{"embeddable":true,"href":"https:\/\/supelaur.eus\/es\/wp-json\/wp\/v2\/comments?post=536"}],"version-history":[{"count":13,"href":"https:\/\/supelaur.eus\/es\/wp-json\/wp\/v2\/pages\/536\/revisions"}],"predecessor-version":[{"id":671,"href":"https:\/\/supelaur.eus\/es\/wp-json\/wp\/v2\/pages\/536\/revisions\/671"}],"wp:attachment":[{"href":"https:\/\/supelaur.eus\/es\/wp-json\/wp\/v2\/media?parent=536"}],"curies":[{"name":"wp","href":"https:\/\/api.w.org\/{rel}","templated":true}]}}